{"id":371269,"date":"2022-06-28T01:20:49","date_gmt":"2022-06-28T06:20:49","guid":{"rendered":"http:\/\/sbodconsulting.com\/?page_id=371269"},"modified":"2022-06-28T18:16:06","modified_gmt":"2022-06-28T23:16:06","slug":"reestructuras-corporativas-y-diagnosticos-fiscales","status":"publish","type":"page","link":"https:\/\/sbodconsulting.com\/en\/reestructuras-corporativas-y-diagnosticos-fiscales\/","title":{"rendered":"Corporate restructuring and tax diagnoses"},"content":{"rendered":"<p>[et_pb_section fb_built=&#8221;1&#8243; admin_label=&#8221;Header&#8221; _builder_version=&#8221;4.17.4&#8243; _module_preset=&#8221;default&#8221; use_background_color_gradient=&#8221;on&#8221; background_color_gradient_stops=&#8221;rgba(15,17,84,0) 0%|#64b6ac 97%&#8221; background_color_gradient_overlays_image=&#8221;on&#8221; background_image=&#8221;http:\/\/sbodconsulting.com\/wp-content\/uploads\/2022\/06\/pexels-pixabay-416405.jpg&#8221; custom_padding=&#8221;10%||||false|false&#8221; hover_enabled=&#8221;0&#8243; locked=&#8221;off&#8221; collapsed=&#8221;on&#8221; global_colors_info=&#8221;{}&#8221; title_text=&#8221;pexels-pixabay-416405&#8243; sticky_enabled=&#8221;0&#8243;][et_pb_row _builder_version=&#8221;4.16.0&#8243; _module_preset=&#8221;default&#8221; global_colors_info=&#8221;{}&#8221;][et_pb_column type=&#8221;4_4&#8243; _builder_version=&#8221;4.16.0&#8243; _module_preset=&#8221;default&#8221; global_colors_info=&#8221;{}&#8221;][et_pb_text _builder_version=&#8221;4.16.0&#8243; _module_preset=&#8221;94fa2ee4-6b60-4d0b-b837-7f0ceae12b87&#8243; header_font=&#8221;Montserrat|700|||||||&#8221; header_text_color=&#8221;#FFFFFF&#8221; header_font_size=&#8221;95px&#8221; header_line_height=&#8221;110%&#8221; text_font_size_tablet=&#8221;&#8221; text_font_size_phone=&#8221;14px&#8221; text_font_size_last_edited=&#8221;on|phone&#8221; header_font_size_tablet=&#8221;40px&#8221; header_font_size_phone=&#8221;24px&#8221; header_font_size_last_edited=&#8221;on|tablet&#8221; header_2_font_size_tablet=&#8221;30px&#8221; header_2_font_size_phone=&#8221;20px&#8221; header_2_font_size_last_edited=&#8221;off|desktop&#8221; global_colors_info=&#8221;{}&#8221;]<\/p>\n<h1>Corporate restructuring and tax diagnoses<\/h1>\n<p>[\/et_pb_text][et_pb_button button_url=&#8221;@ET-DC@eyJkeW5hbWljIjp0cnVlLCJjb250ZW50IjoicG9zdF9saW5rX3VybF9wYWdlIiwic2V0dGluZ3MiOnsicG9zdF9pZCI6IjM3MTI2MiJ9fQ==@&#8221; button_text=&#8221;Contactar asesor&#8221; _builder_version=&#8221;4.17.4&#8243; _dynamic_attributes=&#8221;button_url&#8221; _module_preset=&#8221;8d5db7bd-5fee-4286-9c20-cee04f88ca34&#8243; custom_button=&#8221;on&#8221; button_text_size=&#8221;18px&#8221; button_text_color=&#8221;#FFFFFF&#8221; button_bg_color=&#8221;#64B6AC&#8221; button_border_width=&#8221;0px&#8221; button_border_radius=&#8221;0px&#8221; button_font=&#8221;Roboto|500|||||||&#8221; button_use_icon=&#8221;off&#8221; custom_padding=&#8221;14px|24px|14px|24px|true|true&#8221; button_text_size_tablet=&#8221;&#8221; button_text_size_phone=&#8221;14px&#8221; button_text_size_last_edited=&#8221;on|phone&#8221; locked=&#8221;off&#8221; global_colors_info=&#8221;{}&#8221;][\/et_pb_button][\/et_pb_column][\/et_pb_row][\/et_pb_section][et_pb_section fb_built=&#8221;1&#8243; admin_label=&#8221;About&#8221; _builder_version=&#8221;4.16.0&#8243; _module_preset=&#8221;default&#8221; background_color=&#8221;#FFFFFF&#8221; custom_padding=&#8221;0px||0px||false|false&#8221; collapsed=&#8221;on&#8221; global_colors_info=&#8221;{}&#8221;][et_pb_row column_structure=&#8221;2_5,3_5&#8243; custom_padding_last_edited=&#8221;on|phone&#8221; _builder_version=&#8221;4.16.0&#8243; _module_preset=&#8221;default&#8221; custom_padding=&#8221;50px||50px|60px|true|false&#8221; custom_padding_tablet=&#8221;|||30px|true|false&#8221; custom_padding_phone=&#8221;|||20px|true|false&#8221; box_shadow_style=&#8221;preset4&#8243; box_shadow_horizontal=&#8221;-40vw&#8221; box_shadow_vertical=&#8221;0px&#8221; box_shadow_color=&#8221;#64B6AC&#8221; global_colors_info=&#8221;{}&#8221;][et_pb_column type=&#8221;2_5&#8243; _builder_version=&#8221;4.16.0&#8243; _module_preset=&#8221;default&#8221; global_colors_info=&#8221;{}&#8221;][et_pb_text _builder_version=&#8221;4.17.4&#8243; _module_preset=&#8221;89e8f159-669b-4873-a528-8be274fa7efc&#8221; header_2_text_color=&#8221;#1D4EFF&#8221; header_4_font=&#8221;Montserrat|700||on|||||&#8221; header_4_text_color=&#8221;#2B2C28&#8243; header_4_font_size=&#8221;16px&#8221; header_4_letter_spacing=&#8221;5px&#8221; header_4_line_height=&#8221;1.6em&#8221; custom_margin=&#8221;||30px||false|false&#8221; header_4_font_size_tablet=&#8221;14px&#8221; header_4_font_size_phone=&#8221;12px&#8221; header_4_font_size_last_edited=&#8221;on|phone&#8221; locked=&#8221;off&#8221; global_colors_info=&#8221;{}&#8221;]<\/p>\n<h4>Information<\/h4>\n<p>[\/et_pb_text][et_pb_text _builder_version=&#8221;4.17.4&#8243; _module_preset=&#8221;44e52539-cead-43e5-bd57-eb8d3d608b93&#8243; header_2_font=&#8221;Montserrat|700|||||||&#8221; header_2_text_color=&#8221;#5D737E&#8221; header_2_font_size=&#8221;60px&#8221; header_2_line_height=&#8221;120%&#8221; header_4_font_size=&#8221;16px&#8221; header_4_letter_spacing=&#8221;5px&#8221; custom_margin=&#8221;||30px||false|false&#8221; header_2_font_size_tablet=&#8221;30px&#8221; header_2_font_size_phone=&#8221;20px&#8221; header_2_font_size_last_edited=&#8221;on|tablet&#8221; locked=&#8221;off&#8221; global_colors_info=&#8221;{}&#8221;]<\/p>\n<h2>Has doubts?<\/h2>\n<p>[\/et_pb_text][et_pb_button button_url=&#8221;@ET-DC@eyJkeW5hbWljIjp0cnVlLCJjb250ZW50IjoicG9zdF9saW5rX3VybF9wYWdlIiwic2V0dGluZ3MiOnsicG9zdF9pZCI6IjM3MTI2MiJ9fQ==@&#8221; button_text=&#8221;Contactar asesor&#8221; _builder_version=&#8221;4.17.4&#8243; _dynamic_attributes=&#8221;button_url&#8221; _module_preset=&#8221;8d5db7bd-5fee-4286-9c20-cee04f88ca34&#8243; custom_button=&#8221;on&#8221; button_text_size=&#8221;18px&#8221; button_text_color=&#8221;#FFFFFF&#8221; button_bg_color=&#8221;#339989&#8243; button_border_width=&#8221;0px&#8221; button_border_radius=&#8221;0px&#8221; button_font=&#8221;Roboto|500|||||||&#8221; button_use_icon=&#8221;off&#8221; custom_padding=&#8221;14px|24px|14px|24px|true|true&#8221; button_text_size_tablet=&#8221;&#8221; button_text_size_phone=&#8221;14px&#8221; button_text_size_last_edited=&#8221;on|phone&#8221; locked=&#8221;off&#8221; global_colors_info=&#8221;{}&#8221;][\/et_pb_button][\/et_pb_column][et_pb_column type=&#8221;3_5&#8243; _builder_version=&#8221;4.16.0&#8243; _module_preset=&#8221;default&#8221; global_colors_info=&#8221;{}&#8221;][et_pb_text _builder_version=&#8221;4.17.4&#8243; _module_preset=&#8221;596f4725-1c36-45b8-8f21-69157f74cf89&#8243; text_font=&#8221;Roboto|300|||||||&#8221; text_text_color=&#8221;#2B2C28&#8243; text_font_size=&#8221;18px&#8221; text_line_height=&#8221;180%&#8221; text_font_size_tablet=&#8221;&#8221; text_font_size_phone=&#8221;14px&#8221; text_font_size_last_edited=&#8221;on|phone&#8221; global_colors_info=&#8221;{}&#8221;]<\/p>\n<p>As part of the corporate dynamism, our clients see the need to implement restructuring in the business groups to which they belong; That is why we provide them with support to plan and execute mergers, spin-offs, liquidations, disposals of shares, with the necessary support during obtaining authorizations and filing notices with the tax authorities.<\/p>\n<p>In this sense, we carry out the analysis and determination of the tax effects derived from such corporate movements. Additionally, we carry out tax diagnoses for the acquisition or sale of new companies or simply to evaluate the correct compliance of companies that currently operate with the intention of identifying present or future risks, as well as areas of opportunity and improvement.<\/p>\n<p>[\/et_pb_text][\/et_pb_column][\/et_pb_row][\/et_pb_section]<\/p>","protected":false},"excerpt":{"rendered":"<p>Reestructuras corporativas y diagn\u00f3sticos fiscalesInformaci\u00f3n\u00bfTiene dudas?Como parte del dinamismo corporativo, nuestros clientes se ven en la necesidad de implementar reestructuras en los grupos empresariales a los cuales pertenecen; es por ello que les brindamos soporte para planear y ejecutar fusiones, escisiones, liquidaciones y\/o enajenaciones de acciones, con el acompa\u00f1amiento necesario durante la obtenci\u00f3n de autorizaciones [&hellip;]<\/p>","protected":false},"author":1,"featured_media":0,"parent":0,"menu_order":0,"comment_status":"closed","ping_status":"closed","template":"","meta":{"_et_pb_use_builder":"on","_et_pb_old_content":"","_et_gb_content_width":"","footnotes":""},"class_list":["post-371269","page","type-page","status-publish","hentry"],"yoast_head":"<!-- This site is optimized with the Yoast SEO plugin v23.9 - https:\/\/yoast.com\/wordpress\/plugins\/seo\/ -->\n<title>Reestructuras corporativas y diagn\u00f3sticos fiscales - SBOD Consulting<\/title>\n<meta name=\"robots\" content=\"index, follow, max-snippet:-1, max-image-preview:large, max-video-preview:-1\" \/>\n<link rel=\"canonical\" href=\"https:\/\/sbodconsulting.com\/en\/reestructuras-corporativas-y-diagnosticos-fiscales\/\" \/>\n<meta property=\"og:locale\" content=\"en_US\" \/>\n<meta property=\"og:type\" content=\"article\" \/>\n<meta property=\"og:title\" content=\"Reestructuras corporativas y diagn\u00f3sticos fiscales - SBOD Consulting\" \/>\n<meta property=\"og:description\" content=\"Reestructuras corporativas y diagn\u00f3sticos fiscalesInformaci\u00f3n\u00bfTiene dudas?Como parte del dinamismo corporativo, nuestros clientes se ven en la necesidad de implementar reestructuras en los grupos empresariales a los cuales pertenecen; es por ello que les brindamos soporte para planear y ejecutar fusiones, escisiones, liquidaciones y\/o enajenaciones de acciones, con el acompa\u00f1amiento necesario durante la obtenci\u00f3n de autorizaciones [&hellip;]\" \/>\n<meta property=\"og:url\" content=\"https:\/\/sbodconsulting.com\/en\/reestructuras-corporativas-y-diagnosticos-fiscales\/\" \/>\n<meta property=\"og:site_name\" content=\"SBOD Consulting\" \/>\n<meta property=\"article:modified_time\" content=\"2022-06-28T23:16:06+00:00\" \/>\n<meta name=\"twitter:card\" content=\"summary_large_image\" \/>\n<meta name=\"twitter:label1\" content=\"Est. reading time\" \/>\n\t<meta name=\"twitter:data1\" content=\"4 minutes\" \/>\n<script type=\"application\/ld+json\" class=\"yoast-schema-graph\">{\"@context\":\"https:\/\/schema.org\",\"@graph\":[{\"@type\":\"WebPage\",\"@id\":\"https:\/\/sbodconsulting.com\/reestructuras-corporativas-y-diagnosticos-fiscales\/\",\"url\":\"https:\/\/sbodconsulting.com\/reestructuras-corporativas-y-diagnosticos-fiscales\/\",\"name\":\"Reestructuras corporativas y diagn\u00f3sticos fiscales - SBOD Consulting\",\"isPartOf\":{\"@id\":\"https:\/\/sbodconsulting.com\/#website\"},\"datePublished\":\"2022-06-28T06:20:49+00:00\",\"dateModified\":\"2022-06-28T23:16:06+00:00\",\"breadcrumb\":{\"@id\":\"https:\/\/sbodconsulting.com\/reestructuras-corporativas-y-diagnosticos-fiscales\/#breadcrumb\"},\"inLanguage\":\"en-US\",\"potentialAction\":[{\"@type\":\"ReadAction\",\"target\":[\"https:\/\/sbodconsulting.com\/reestructuras-corporativas-y-diagnosticos-fiscales\/\"]}]},{\"@type\":\"BreadcrumbList\",\"@id\":\"https:\/\/sbodconsulting.com\/reestructuras-corporativas-y-diagnosticos-fiscales\/#breadcrumb\",\"itemListElement\":[{\"@type\":\"ListItem\",\"position\":1,\"name\":\"Home\",\"item\":\"https:\/\/sbodconsulting.com\/\"},{\"@type\":\"ListItem\",\"position\":2,\"name\":\"Reestructuras corporativas y diagn\u00f3sticos fiscales\"}]},{\"@type\":\"WebSite\",\"@id\":\"https:\/\/sbodconsulting.com\/#website\",\"url\":\"https:\/\/sbodconsulting.com\/\",\"name\":\"SBOD Consulting\",\"description\":\"Expertos en Impuestos\",\"publisher\":{\"@id\":\"https:\/\/sbodconsulting.com\/#organization\"},\"potentialAction\":[{\"@type\":\"SearchAction\",\"target\":{\"@type\":\"EntryPoint\",\"urlTemplate\":\"https:\/\/sbodconsulting.com\/?s={search_term_string}\"},\"query-input\":{\"@type\":\"PropertyValueSpecification\",\"valueRequired\":true,\"valueName\":\"search_term_string\"}}],\"inLanguage\":\"en-US\"},{\"@type\":\"Organization\",\"@id\":\"https:\/\/sbodconsulting.com\/#organization\",\"name\":\"SBOD Consulting\",\"url\":\"https:\/\/sbodconsulting.com\/\",\"logo\":{\"@type\":\"ImageObject\",\"inLanguage\":\"en-US\",\"@id\":\"https:\/\/sbodconsulting.com\/#\/schema\/logo\/image\/\",\"url\":\"https:\/\/sbodconsulting.com\/wp-content\/uploads\/2022\/06\/Logo-SBOD.png\",\"contentUrl\":\"https:\/\/sbodconsulting.com\/wp-content\/uploads\/2022\/06\/Logo-SBOD.png\",\"width\":500,\"height\":500,\"caption\":\"SBOD Consulting\"},\"image\":{\"@id\":\"https:\/\/sbodconsulting.com\/#\/schema\/logo\/image\/\"}}]}<\/script>\n<!-- \/ Yoast SEO plugin. -->","yoast_head_json":{"title":"Reestructuras corporativas y diagn\u00f3sticos fiscales - SBOD Consulting","robots":{"index":"index","follow":"follow","max-snippet":"max-snippet:-1","max-image-preview":"max-image-preview:large","max-video-preview":"max-video-preview:-1"},"canonical":"https:\/\/sbodconsulting.com\/en\/reestructuras-corporativas-y-diagnosticos-fiscales\/","og_locale":"en_US","og_type":"article","og_title":"Reestructuras corporativas y diagn\u00f3sticos fiscales - SBOD Consulting","og_description":"Reestructuras corporativas y diagn\u00f3sticos fiscalesInformaci\u00f3n\u00bfTiene dudas?Como parte del dinamismo corporativo, nuestros clientes se ven en la necesidad de implementar reestructuras en los grupos empresariales a los cuales pertenecen; es por ello que les brindamos soporte para planear y ejecutar fusiones, escisiones, liquidaciones y\/o enajenaciones de acciones, con el acompa\u00f1amiento necesario durante la obtenci\u00f3n de autorizaciones [&hellip;]","og_url":"https:\/\/sbodconsulting.com\/en\/reestructuras-corporativas-y-diagnosticos-fiscales\/","og_site_name":"SBOD Consulting","article_modified_time":"2022-06-28T23:16:06+00:00","twitter_card":"summary_large_image","twitter_misc":{"Est. reading time":"4 minutes"},"schema":{"@context":"https:\/\/schema.org","@graph":[{"@type":"WebPage","@id":"https:\/\/sbodconsulting.com\/reestructuras-corporativas-y-diagnosticos-fiscales\/","url":"https:\/\/sbodconsulting.com\/reestructuras-corporativas-y-diagnosticos-fiscales\/","name":"Reestructuras corporativas y diagn\u00f3sticos fiscales - SBOD Consulting","isPartOf":{"@id":"https:\/\/sbodconsulting.com\/#website"},"datePublished":"2022-06-28T06:20:49+00:00","dateModified":"2022-06-28T23:16:06+00:00","breadcrumb":{"@id":"https:\/\/sbodconsulting.com\/reestructuras-corporativas-y-diagnosticos-fiscales\/#breadcrumb"},"inLanguage":"en-US","potentialAction":[{"@type":"ReadAction","target":["https:\/\/sbodconsulting.com\/reestructuras-corporativas-y-diagnosticos-fiscales\/"]}]},{"@type":"BreadcrumbList","@id":"https:\/\/sbodconsulting.com\/reestructuras-corporativas-y-diagnosticos-fiscales\/#breadcrumb","itemListElement":[{"@type":"ListItem","position":1,"name":"Home","item":"https:\/\/sbodconsulting.com\/"},{"@type":"ListItem","position":2,"name":"Reestructuras corporativas y diagn\u00f3sticos fiscales"}]},{"@type":"WebSite","@id":"https:\/\/sbodconsulting.com\/#website","url":"https:\/\/sbodconsulting.com\/","name":"SBOD Consulting","description":"Expertos en Impuestos","publisher":{"@id":"https:\/\/sbodconsulting.com\/#organization"},"potentialAction":[{"@type":"SearchAction","target":{"@type":"EntryPoint","urlTemplate":"https:\/\/sbodconsulting.com\/?s={search_term_string}"},"query-input":{"@type":"PropertyValueSpecification","valueRequired":true,"valueName":"search_term_string"}}],"inLanguage":"en-US"},{"@type":"Organization","@id":"https:\/\/sbodconsulting.com\/#organization","name":"SBOD Consulting","url":"https:\/\/sbodconsulting.com\/","logo":{"@type":"ImageObject","inLanguage":"en-US","@id":"https:\/\/sbodconsulting.com\/#\/schema\/logo\/image\/","url":"https:\/\/sbodconsulting.com\/wp-content\/uploads\/2022\/06\/Logo-SBOD.png","contentUrl":"https:\/\/sbodconsulting.com\/wp-content\/uploads\/2022\/06\/Logo-SBOD.png","width":500,"height":500,"caption":"SBOD Consulting"},"image":{"@id":"https:\/\/sbodconsulting.com\/#\/schema\/logo\/image\/"}}]}},"_links":{"self":[{"href":"https:\/\/sbodconsulting.com\/en\/wp-json\/wp\/v2\/pages\/371269","targetHints":{"allow":["GET"]}}],"collection":[{"href":"https:\/\/sbodconsulting.com\/en\/wp-json\/wp\/v2\/pages"}],"about":[{"href":"https:\/\/sbodconsulting.com\/en\/wp-json\/wp\/v2\/types\/page"}],"author":[{"embeddable":true,"href":"https:\/\/sbodconsulting.com\/en\/wp-json\/wp\/v2\/users\/1"}],"replies":[{"embeddable":true,"href":"https:\/\/sbodconsulting.com\/en\/wp-json\/wp\/v2\/comments?post=371269"}],"version-history":[{"count":4,"href":"https:\/\/sbodconsulting.com\/en\/wp-json\/wp\/v2\/pages\/371269\/revisions"}],"predecessor-version":[{"id":371449,"href":"https:\/\/sbodconsulting.com\/en\/wp-json\/wp\/v2\/pages\/371269\/revisions\/371449"}],"wp:attachment":[{"href":"https:\/\/sbodconsulting.com\/en\/wp-json\/wp\/v2\/media?parent=371269"}],"curies":[{"name":"wp","href":"https:\/\/api.w.org\/{rel}","templated":true}]}}